{"id":2711,"date":"2022-11-27T02:28:52","date_gmt":"2022-11-27T02:28:52","guid":{"rendered":"https:\/\/ovatheme.com\/romancy\/?post_type=product&#038;p=2711"},"modified":"2025-02-19T04:41:17","modified_gmt":"2025-02-19T04:41:17","slug":"deluxe-oda","status":"publish","type":"product","link":"https:\/\/www.marisolhotel.com\/?product=deluxe-oda","title":{"rendered":"Deluxe Oda"},"content":{"rendered":"","protected":false},"excerpt":{"rendered":"<p>Masmavi deniz ve do\u011fan\u0131n keyfini doyas\u0131ya ya\u015fayabilece\u011finiz her katta farkl\u0131 konseptlerde dizayn edilmi\u015f 40 m\u00b2 kullan\u0131m alan\u0131na sahip balkonlu Deluxe\u00a0odalar\u0131m\u0131zda; istendi\u011finde ekstra\u00a0yatak olarak kullan\u0131labilecek dinlenme koltu\u011fu,\u00a0kendinizi evinizin rahatl\u0131\u011f\u0131nda ve konforunda hissedece\u011finiz yatak ve banyo tak\u0131mlar\u0131m\u0131z, LCD TV, telefon, mini bar, kettle, f\u00f6n makinesi ve merkezi klima bulunmaktad\u0131r.<\/p>\n","protected":false},"featured_media":3434,"comment_status":"open","ping_status":"closed","template":"","meta":[],"product_cat":[28],"product_tag":[],"class_list":{"0":"post-2711","1":"product","2":"type-product","3":"status-publish","4":"has-post-thumbnail","6":"product_cat-odalar","8":"first","9":"instock","10":"shipping-taxable","11":"product-type-simple"},"_links":{"self":[{"href":"https:\/\/www.marisolhotel.com\/index.php?rest_route=\/wp\/v2\/product\/2711","targetHints":{"allow":["GET"]}}],"collection":[{"href":"https:\/\/www.marisolhotel.com\/index.php?rest_route=\/wp\/v2\/product"}],"about":[{"href":"https:\/\/www.marisolhotel.com\/index.php?rest_route=\/wp\/v2\/types\/product"}],"replies":[{"embeddable":true,"href":"https:\/\/www.marisolhotel.com\/index.php?rest_route=%2Fwp%2Fv2%2Fcomments&post=2711"}],"wp:featuredmedia":[{"embeddable":true,"href":"https:\/\/www.marisolhotel.com\/index.php?rest_route=\/wp\/v2\/media\/3434"}],"wp:attachment":[{"href":"https:\/\/www.marisolhotel.com\/index.php?rest_route=%2Fwp%2Fv2%2Fmedia&parent=2711"}],"wp:term":[{"taxonomy":"product_cat","embeddable":true,"href":"https:\/\/www.marisolhotel.com\/index.php?rest_route=%2Fwp%2Fv2%2Fproduct_cat&post=2711"},{"taxonomy":"product_tag","embeddable":true,"href":"https:\/\/www.marisolhotel.com\/index.php?rest_route=%2Fwp%2Fv2%2Fproduct_tag&post=2711"}],"curies":[{"name":"wp","href":"https:\/\/api.w.org\/{rel}","templated":true}]}}